{"id":320,"date":"2022-03-01T18:09:49","date_gmt":"2022-03-01T18:09:49","guid":{"rendered":"https:\/\/www.avplastics.com.co\/?page_id=320"},"modified":"2022-03-01T18:15:55","modified_gmt":"2022-03-01T18:15:55","slug":"aviso-de-privacidad","status":"publish","type":"page","link":"https:\/\/www.avplastics.com.co\/en\/aviso-de-privacidad\/","title":{"rendered":"Aviso de Privacidad"},"content":{"rendered":"<p>[et_pb_section fb_built=\u00bb1&#8243; theme_builder_area=\u00bbpost_content\u00bb _builder_version=\u00bb4.14.8&#8243; _module_preset=\u00bbdefault\u00bb][et_pb_row _builder_version=\u00bb4.14.8&#8243; _module_preset=\u00bbdefault\u00bb theme_builder_area=\u00bbpost_content\u00bb][et_pb_column _builder_version=\u00bb4.14.8&#8243; _module_preset=\u00bbdefault\u00bb type=\u00bb4_4&#8243; theme_builder_area=\u00bbpost_content\u00bb][et_pb_text _builder_version=\u00bb4.14.8&#8243; _module_preset=\u00bbdefault\u00bb theme_builder_area=\u00bbpost_content\u00bb hover_enabled=\u00bb0&#8243; sticky_enabled=\u00bb0&#8243; text_text_color=\u00bb#000000&#8243; text_font_size=\u00bb16px\u00bb header_text_color=\u00bb#000000&#8243; header_font_size=\u00bb32px\u00bb]<\/p>\n<div class=\"page\" title=\"Page 1\"><\/div>\n<div class=\"page\" title=\"Page 1\">\n<div class=\"layoutArea\">\n<div class=\"column\">\n<div class=\"page\" title=\"Page 1\">\n<div class=\"layoutArea\">\n<div class=\"column\">\n<h1 style=\"text-align: center;\"><span>AVISO DE PRIVACIDAD<\/span><\/h1>\n<\/div>\n<\/div>\n<\/div>\n<p style=\"text-align: center;\"><span><\/span><\/p>\n<p style=\"text-align: justify;\"><span><strong><\/strong><\/span><\/p>\n<p style=\"text-align: justify;\"><span><strong>AV PLASTICS TRADE S.A.S<\/strong>. <\/span><span>(en adelante la \u00abEMPRESA\u00bb), con domicilio principal en la calle 13 # 78-54 piso 4 oficina 312 Edificio Centro 78, barrio Capri en la ciudad de Cali \u2013 Colombia, identificada con el NIT 900.767.174-1, PBX. (2) 4864293 y correo electro\u0301nico atencionalcliente@avplastics.com.co, se permite informar que en desarrollo de su objeto social y en cumplimiento de la normatividad vigente, podra\u0301 realizar recoleccio\u0301n, almacenamiento, uso, procesamiento, transmisio\u0301n y\/o transferencia nacional e internacional de datos personales de conformidad con lo establecido en la Poli\u0301tica de Tratamiento de Datos Personales (en adelante \u00abPTDP\u00bb) adoptada por la EMPRESA.<\/span><\/p>\n<p style=\"text-align: justify;\"><strong>1. \u00bfCua\u0301les son las finalidades del Tratamiento de los datos personales recolectados por la EMPRESA?<\/strong><\/p>\n<p style=\"text-align: justify;\"><span>La finalidad del Tratamiento de los datos personales recolectados por la EMPRESA dependera\u0301 de la naturaleza del relacionamiento contractual y\/o legal existente entre la EMPRESA y el titular del dato personal. De acuerdo a la PDTP vigente, se han definido las siguientes finalidades:<\/span><\/p>\n<p style=\"text-align: justify;\"><span>Tratamiento de Datos personales de personas vinculadas a procesos de seleccio\u0301n laboral, Empleados y ex Empleados: Se realiza para cumplir con las obligaciones laborales a cargo de la EMPRESA, tales como pagos de no\u0301mina, reportes de Seguridad y Salud en el Trabajo, pagos y reportes al sistema general de seguridad social, DIAN y dema\u0301s organismos de control, otorgar beneficios al empleado y a sus familiares, atencio\u0301n de consultas, peticiones, solicitudes, acciones y reclamos, hechas por el Titular de la informacio\u0301n o por las personas autorizadas por este o la Ley, o por entidades del sistema general de seguridad social a los que el Titular este\u0301 o hubiere estado vinculado. El Tratamiento de informacio\u0301n de exempleados se realiza con el fin de mantener un contacto para requerimiento de una labor desempen\u0303ada, constancias de vinculacio\u0301n, pagos a la seguridad social, soportes tributarios, atendiendo necesidades contractuales, legales o judiciales. Por su parte, el Tratamiento de los datos personales de las personas que se vinculen a procesos de seleccio\u0301n laboral sera\u0301n utilizados para las actividades propias de dicho proceso tales como solicitud de informacio\u0301n, envi\u0301o de informacio\u0301n, verificaciones de referencias, realizacio\u0301n de exa\u0301menes me\u0301dicos y pruebas aptitudinales y, almacenamiento de la informacio\u0301n para contacto ante futuras vacantes.<\/span><\/p>\n<p style=\"text-align: justify;\"><span>Tratamiento de Datos personales de Empleados \/ Visitantes que acceden a las instalaciones de LA EMPRESA: LA EMPRESA podra\u0301 capturar y realizar tratamiento de registros fotogra\u0301ficos, grabaciones y otros datos biome\u0301tricos de las personas naturales que ingresan las instalaciones de LA EMPRESA. Asimismo, podra\u0301 realizar controles de registro de ingreso de personas, equipos, vehi\u0301culos y dema\u0301s. El Tratamiento de estos datos personales se efectu\u0301a para fines de seguridad fi\u0301sica y de las personas, control de ingreso y salida de empleados y visitantes.<\/span><\/p>\n<p style=\"text-align: justify;\"><span>Tratamiento de Datos personales de Contratistas personas naturales y personas naturales vinculadas a los Contratistas: Este Tratamiento tiene como finalidades permitir a la EMPRESA la adecuada gestio\u0301n de las actividades comerciales y\/o contractuales que se establezcan, tales como verificar la informacio\u0301n comercial y financiera del Titular, realizar reportes de informacio\u0301n contable y financiera, realizar la asignacio\u0301n y control de elementos tecnolo\u0301gicos, materiales y equipos en general, entrada y salida de las diferentes instalaciones, seguimiento a cumplimiento de obligaciones contractuales y legales a cargo de Contratistas, atencio\u0301n de eventuales emergencias, atencio\u0301n respuesta de consultas, peticiones, solicitudes, acciones y reclamos, hechas por el Titular de la informacio\u0301n o las personas legitimadas.<\/span><\/p>\n<p style=\"text-align: justify;\"><span>Tratamiento de Datos personales de Proveedores personas naturales y personas naturales vinculadas al Proveedor: Permite el cumplimiento de obligaciones contractuales a cargo de la EMPRESA, tales como pagos de honorarios, reportes de pagos, reportes de informacio\u0301n contable y financiera, verificaciones de la informacio\u0301n financiera del Titular, reportes o interacciones que por ley o por poli\u0301ticas internas tiene la obligacio\u0301n de realizar, atencio\u0301n de consultas, peticiones, solicitudes, acciones y reclamos, hechas por el Titular de la informacio\u0301n o por sus legitimarios.<\/span><\/p>\n<p style=\"text-align: justify;\"><span>Tratamiento de Datos personales de Clientes personas naturales y personas naturales vinculadas al Cliente: El Tratamiento de datos personales de Clientes que son personas naturales, tiene el propo\u0301sito de que la EMPRESA pueda cumplir con las obligaciones contractuales a su cargo, tales como facturacio\u0301n, reportes de pagos, reportes de informacio\u0301n contable y financiera, difusio\u0301n de informacio\u0301n relevante respecto de los productos y servicios adquiridos de la EMPRESA, comunicar y ejecutar las actividades posventa a que haya lugar, asi\u0301 como la gestio\u0301n de informacio\u0301n que por ley o por poli\u0301ticas internas tiene la obligacio\u0301n de realizar. De igual forma, los Datos personales sera\u0301n utilizados para que la EMPRESA pueda cumplir con las solicitudes de productos y\/o de servicios, brindar un correcto manejo a las relaciones comerciales con clientes, suministrar informacio\u0301n y material relacionado con el portafolio de productos y servicios de la EMPRESA, asi\u0301 como de noticias y nuevos lanzamientos por cualquier canal de comunicacio\u0301n, realizar gestio\u0301n comercial, de mercadeo y publicidad de los productos y servicios ofrecidos por la EMPRESA por cualquier canal.<\/span><\/p>\n<div class=\"page\" title=\"Page 2\">\n<div class=\"layoutArea\" style=\"text-align: justify;\">\n<div class=\"column\">\n<p><span>Tratamiento de Datos personales de Prospectos de Clientes personas naturales y personas naturales vinculadas al Prospecto de Cliente: El Tratamiento de datos personales de Prospectos de Clientes que son personas naturales, tiene el propo\u0301sito de que la EMPRESA pueda cumplir con las solicitudes de productos y\/o de servicios, realizar verificaciones de la informacio\u0301n financiera del Titular, brindar un correcto manejo a las relaciones comerciales con Prospectos de Clientes, suministrar informacio\u0301n y material relacionado con el portafolio de productos y servicios de la EMPRESA, asi\u0301 como de noticias y nuevos lanzamientos por cualquier canal de comunicacio\u0301n, realizar gestio\u0301n comercial, de mercadeo y publicidad de los productos y servicios ofrecidos por LA EMPRESA por cualquier canal.<\/span><\/p>\n<p><span>Tratamiento de Datos personales de Accionistas, Representantes legales, Administradores de personas naturales o juri\u0301dicas: Tiene el propo\u0301sito de que la EMPRESA pueda cumplir con las obligaciones contractuales a su cargo, asi\u0301 como para identificar factores de riesgo y salud financiera de las empresas de las cuales hacen parte.<\/span><\/p>\n<p><strong>2. \u00bfCua\u0301les son los mecanismos dispuestos por la EMPRESA para que usted pueda acceder y consultar la PTDP?<\/strong><\/p>\n<p><span>La PTDP de la EMPRESA se encuentra disponible para pu\u0301blica consulta en la pa\u0301gina Web www.avplastics.com.co; tambie\u0301n podra\u0301 solicitarse copia de la misma a trave\u0301s de solicitud remitida al correo electro\u0301nico atencionalcliente@avplastics.com.co.<\/span><\/p>\n<p><strong>3. \u00bfCua\u0301les son los derechos que la ley le asiste en su calidad de titular de los datos e informaciones objeto de Tratamiento por parte de la EMPRESA?<img decoding=\"async\" src=\"data:image\/png;base64,iVBORw0KGgoAAAANSUhEUgAAAHkAAAABCAYAAAD6iwHlAAAAAXNSR0IArs4c6QAAAHhlWElmTU0AKgAAAAgABAEaAAUAAAABAAAAPgEbAAUAAAABAAAARgEoAAMAAAABAAIAAIdpAAQAAAABAAAATgAAAAAAA8uhAAALcAADy6EAAAtwAAOgAQADAAAAAQABAACgAgAEAAAAAQAAAHmgAwAEAAAAAQAAAAEAAAAAkGhqdQAAAAlwSFlzAAANEQAADREBGDkWGQAAAA5JREFUGBljYBgFwz4EAAHlAAFv0bhPAAAAAElFTkSuQmCC\" alt=\"page2image1911497504\" width=\"120.720000\" height=\"0.720000\" \/><\/strong><\/p>\n<\/div>\n<\/div>\n<div class=\"section\">\n<div class=\"layoutArea\">\n<div class=\"column\">\n<p style=\"text-align: justify;\"><span>Los titulares de la informacio\u0301n personal capturada por la EMPRESA tienen derecho a: (i) acceder, conocer, actualizar y\/o rectificar sus datos personales, (ii) ser informado acerca del uso que se le da a los datos personales, (iii) presentar quejas ante la Superintendencia de Industria y Comercio, previo agotamiento del requisito de procedibilidad, ante presuntas infracciones de la Ley 1581 de 2012 y normas reglamentarias y, (iv) revocar la autorizacio\u0301n y\/o solicitar la supresio\u0301n de sus datos personales. Todo lo anterior conforme a la PTDP adoptada por la empresa.<\/span><\/p>\n<p><span><\/span><\/p>\n<\/div>\n<\/div>\n<\/div>\n<\/div>\n<\/div>\n<\/div>\n<\/div>\n<p>[\/et_pb_text][\/et_pb_column][\/et_pb_row][\/et_pb_section]<\/p>\n","protected":false},"excerpt":{"rendered":"<p>AVISO DE PRIVACIDAD AV PLASTICS TRADE S.A.S. (en adelante la \u00abEMPRESA\u00bb), con domicilio principal en la calle 13 # 78-54 piso 4 oficina 312 Edificio Centro 78, barrio Capri en la ciudad de Cali \u2013 Colombia, identificada con el NIT 900.767.174-1, PBX. (2) 4864293 y correo electro\u0301nico atencionalcliente@avplastics.com.co, se permite informar que en desarrollo de [&hellip;]<\/p>\n","protected":false},"author":3,"featured_media":0,"parent":0,"menu_order":0,"comment_status":"closed","ping_status":"closed","template":"","meta":{"_et_pb_use_builder":"on","_et_pb_old_content":"","_et_gb_content_width":"","_joinchat":[],"footnotes":""},"class_list":["post-320","page","type-page","status-publish","hentry"],"yoast_head":"<!-- This site is optimized with the Yoast SEO plugin v27.4 - https:\/\/yoast.com\/product\/yoast-seo-wordpress\/ -->\n<title>Aviso de Privacidad - AV Plastics Trade SAS<\/title>\n<meta name=\"robots\" content=\"index, follow, max-snippet:-1, max-image-preview:large, max-video-preview:-1\" \/>\n<link rel=\"canonical\" href=\"https:\/\/www.avplastics.com.co\/en\/aviso-de-privacidad\/\" \/>\n<meta property=\"og:locale\" content=\"en_US\" \/>\n<meta property=\"og:type\" content=\"article\" \/>\n<meta property=\"og:title\" content=\"Aviso de Privacidad - AV Plastics Trade SAS\" \/>\n<meta property=\"og:description\" content=\"DESEAMOS CONVERSAR CONTIGO Queremos saber m\u00e1s sobre tus proyectos y c\u00f3mo podemos brindarte el mejor asesoramiento siendo tu mejor Aliado Estrat\u00e9gico.\" \/>\n<meta property=\"og:url\" content=\"https:\/\/www.avplastics.com.co\/en\/aviso-de-privacidad\/\" \/>\n<meta property=\"og:site_name\" content=\"AV Plastics Trade SAS\" \/>\n<meta property=\"article:modified_time\" content=\"2022-03-01T18:15:55+00:00\" \/>\n<meta name=\"twitter:card\" content=\"summary_large_image\" \/>\n<meta name=\"twitter:label1\" content=\"Est. reading time\" \/>\n\t<meta name=\"twitter:data1\" content=\"6 minutes\" \/>\n<script type=\"application\/ld+json\" class=\"yoast-schema-graph\">{\"@context\":\"https:\\\/\\\/schema.org\",\"@graph\":[{\"@type\":\"WebPage\",\"@id\":\"https:\\\/\\\/www.avplastics.com.co\\\/aviso-de-privacidad\\\/\",\"url\":\"https:\\\/\\\/www.avplastics.com.co\\\/aviso-de-privacidad\\\/\",\"name\":\"Aviso de Privacidad - AV Plastics Trade SAS\",\"isPartOf\":{\"@id\":\"https:\\\/\\\/www.avplastics.com.co\\\/#website\"},\"datePublished\":\"2022-03-01T18:09:49+00:00\",\"dateModified\":\"2022-03-01T18:15:55+00:00\",\"breadcrumb\":{\"@id\":\"https:\\\/\\\/www.avplastics.com.co\\\/aviso-de-privacidad\\\/#breadcrumb\"},\"inLanguage\":\"en-US\",\"potentialAction\":[{\"@type\":\"ReadAction\",\"target\":[\"https:\\\/\\\/www.avplastics.com.co\\\/aviso-de-privacidad\\\/\"]}]},{\"@type\":\"BreadcrumbList\",\"@id\":\"https:\\\/\\\/www.avplastics.com.co\\\/aviso-de-privacidad\\\/#breadcrumb\",\"itemListElement\":[{\"@type\":\"ListItem\",\"position\":1,\"name\":\"Portada\",\"item\":\"https:\\\/\\\/www.avplastics.com.co\\\/\"},{\"@type\":\"ListItem\",\"position\":2,\"name\":\"Aviso de Privacidad\"}]},{\"@type\":\"WebSite\",\"@id\":\"https:\\\/\\\/www.avplastics.com.co\\\/#website\",\"url\":\"https:\\\/\\\/www.avplastics.com.co\\\/\",\"name\":\"AV Plastics Trade SAS\",\"description\":\"M&aacute;s que un proveedor, un aliado...\",\"potentialAction\":[{\"@type\":\"SearchAction\",\"target\":{\"@type\":\"EntryPoint\",\"urlTemplate\":\"https:\\\/\\\/www.avplastics.com.co\\\/?s={search_term_string}\"},\"query-input\":{\"@type\":\"PropertyValueSpecification\",\"valueRequired\":true,\"valueName\":\"search_term_string\"}}],\"inLanguage\":\"en-US\"}]}<\/script>\n<!-- \/ Yoast SEO plugin. -->","yoast_head_json":{"title":"Aviso de Privacidad - AV Plastics Trade SAS","robots":{"index":"index","follow":"follow","max-snippet":"max-snippet:-1","max-image-preview":"max-image-preview:large","max-video-preview":"max-video-preview:-1"},"canonical":"https:\/\/www.avplastics.com.co\/en\/aviso-de-privacidad\/","og_locale":"en_US","og_type":"article","og_title":"Aviso de Privacidad - AV Plastics Trade SAS","og_description":"DESEAMOS CONVERSAR CONTIGO Queremos saber m\u00e1s sobre tus proyectos y c\u00f3mo podemos brindarte el mejor asesoramiento siendo tu mejor Aliado Estrat\u00e9gico.","og_url":"https:\/\/www.avplastics.com.co\/en\/aviso-de-privacidad\/","og_site_name":"AV Plastics Trade SAS","article_modified_time":"2022-03-01T18:15:55+00:00","twitter_card":"summary_large_image","twitter_misc":{"Est. reading time":"6 minutes"},"schema":{"@context":"https:\/\/schema.org","@graph":[{"@type":"WebPage","@id":"https:\/\/www.avplastics.com.co\/aviso-de-privacidad\/","url":"https:\/\/www.avplastics.com.co\/aviso-de-privacidad\/","name":"Aviso de Privacidad - AV Plastics Trade SAS","isPartOf":{"@id":"https:\/\/www.avplastics.com.co\/#website"},"datePublished":"2022-03-01T18:09:49+00:00","dateModified":"2022-03-01T18:15:55+00:00","breadcrumb":{"@id":"https:\/\/www.avplastics.com.co\/aviso-de-privacidad\/#breadcrumb"},"inLanguage":"en-US","potentialAction":[{"@type":"ReadAction","target":["https:\/\/www.avplastics.com.co\/aviso-de-privacidad\/"]}]},{"@type":"BreadcrumbList","@id":"https:\/\/www.avplastics.com.co\/aviso-de-privacidad\/#breadcrumb","itemListElement":[{"@type":"ListItem","position":1,"name":"Portada","item":"https:\/\/www.avplastics.com.co\/"},{"@type":"ListItem","position":2,"name":"Aviso de Privacidad"}]},{"@type":"WebSite","@id":"https:\/\/www.avplastics.com.co\/#website","url":"https:\/\/www.avplastics.com.co\/","name":"AV Plastics Trade SAS","description":"M&aacute;s que un proveedor, un aliado...","potentialAction":[{"@type":"SearchAction","target":{"@type":"EntryPoint","urlTemplate":"https:\/\/www.avplastics.com.co\/?s={search_term_string}"},"query-input":{"@type":"PropertyValueSpecification","valueRequired":true,"valueName":"search_term_string"}}],"inLanguage":"en-US"}]}},"_links":{"self":[{"href":"https:\/\/www.avplastics.com.co\/en\/wp-json\/wp\/v2\/pages\/320","targetHints":{"allow":["GET"]}}],"collection":[{"href":"https:\/\/www.avplastics.com.co\/en\/wp-json\/wp\/v2\/pages"}],"about":[{"href":"https:\/\/www.avplastics.com.co\/en\/wp-json\/wp\/v2\/types\/page"}],"author":[{"embeddable":true,"href":"https:\/\/www.avplastics.com.co\/en\/wp-json\/wp\/v2\/users\/3"}],"replies":[{"embeddable":true,"href":"https:\/\/www.avplastics.com.co\/en\/wp-json\/wp\/v2\/comments?post=320"}],"version-history":[{"count":4,"href":"https:\/\/www.avplastics.com.co\/en\/wp-json\/wp\/v2\/pages\/320\/revisions"}],"predecessor-version":[{"id":326,"href":"https:\/\/www.avplastics.com.co\/en\/wp-json\/wp\/v2\/pages\/320\/revisions\/326"}],"wp:attachment":[{"href":"https:\/\/www.avplastics.com.co\/en\/wp-json\/wp\/v2\/media?parent=320"}],"curies":[{"name":"wp","href":"https:\/\/api.w.org\/{rel}","templated":true}]}}