{"id":499,"date":"2026-04-30T19:08:45","date_gmt":"2026-04-30T19:08:45","guid":{"rendered":"https:\/\/www.avplastics.com.co\/?page_id=499"},"modified":"2026-05-05T00:20:49","modified_gmt":"2026-05-05T00:20:49","slug":"reorganizacion-empresarial","status":"publish","type":"page","link":"https:\/\/www.avplastics.com.co\/en\/reorganizacion-empresarial\/","title":{"rendered":"Reorganizaci\u00f3n Empresarial"},"content":{"rendered":"<p>[et_pb_section fb_built=\u00bb1&#8243; theme_builder_area=\u00bbpost_content\u00bb _builder_version=\u00bb4.24.2&#8243; _module_preset=\u00bbdefault\u00bb title_text=\u00bbbanner2&#8243; background_image=\u00bbhttps:\/\/www.avplastics.com.co\/wp-content\/uploads\/2022\/02\/banner2.jpg\u00bb hover_enabled=\u00bb0&#8243; sticky_enabled=\u00bb0&#8243; background_position=\u00bbtop_center\u00bb background_vertical_offset=\u00bb35%\u00bb][et_pb_row _builder_version=\u00bb4.24.2&#8243; _module_preset=\u00bbdefault\u00bb theme_builder_area=\u00bbpost_content\u00bb][et_pb_column _builder_version=\u00bb4.24.2&#8243; _module_preset=\u00bbdefault\u00bb type=\u00bb4_4&#8243; theme_builder_area=\u00bbpost_content\u00bb][et_pb_text _builder_version=\u00bb4.24.2&#8243; _module_preset=\u00bbdefault\u00bb theme_builder_area=\u00bbpost_content\u00bb header_text_color=\u00bb#FFFFFF\u00bb header_font_size=\u00bb32px\u00bb hover_enabled=\u00bb0&#8243; sticky_enabled=\u00bb0&#8243;]<\/p>\n<h1>Reorganizaci\u00f3n Empresarial<\/h1>\n<p>[\/et_pb_text][\/et_pb_column][\/et_pb_row][\/et_pb_section][et_pb_section fb_built=\u00bb1&#8243; theme_builder_area=\u00bbpost_content\u00bb _builder_version=\u00bb4.24.2&#8243; _module_preset=\u00bbdefault\u00bb][et_pb_row _builder_version=\u00bb4.24.2&#8243; _module_preset=\u00bbdefault\u00bb theme_builder_area=\u00bbpost_content\u00bb][et_pb_column _builder_version=\u00bb4.24.2&#8243; _module_preset=\u00bbdefault\u00bb type=\u00bb4_4&#8243; theme_builder_area=\u00bbpost_content\u00bb][et_pb_text _builder_version=\u00bb4.24.2&#8243; _module_preset=\u00bbdefault\u00bb theme_builder_area=\u00bbpost_content\u00bb hover_enabled=\u00bb0&#8243; sticky_enabled=\u00bb0&#8243;]<div class=\"avp-portal avp-portal--guest\" data-avp-portal>\r\n\t<div class=\"avp-tabs\" role=\"tablist\" aria-label=\"Acceso al portal\">\r\n\t\t<button type=\"button\" class=\"avp-tabs__tab is-active\" role=\"tab\" aria-selected=\"true\" aria-controls=\"avp-tab-login\" id=\"avp-tab-login-trigger\" data-avp-tab=\"login\">\r\n\t\t\tIngresar\t\t<\/button>\r\n\t\t<button type=\"button\" class=\"avp-tabs__tab\" role=\"tab\" aria-selected=\"false\" aria-controls=\"avp-tab-register\" id=\"avp-tab-register-trigger\" tabindex=\"-1\" data-avp-tab=\"register\">\r\n\t\t\tSolicitar acceso\t\t<\/button>\r\n\t<\/div>\r\n\r\n\t<section id=\"avp-tab-login\" class=\"avp-tabs__panel\" role=\"tabpanel\" aria-labelledby=\"avp-tab-login-trigger\" data-avp-panel=\"login\">\r\n\t\t<div class=\"avp-form avp-form--login\" data-avp-form=\"login\">\r\n\t\t\t<form class=\"avp-form__inner avp-form__step avp-form__step--identifier\" novalidate data-avp-step=\"identifier\">\r\n\t\t\t\t<div class=\"avp-form__row\">\r\n\t\t\t\t\t<label for=\"avp-login-identifier\">NIT<\/label>\r\n\t\t\t\t\t<input type=\"text\" id=\"avp-login-identifier\" name=\"identifier\" required pattern=\"[A-Za-z0-9]{5,20}\" autocomplete=\"off\" \/>\r\n\t\t\t\t\t<p class=\"description\">Te enviaremos un c\u00f3digo de 6 d\u00edgitos al correo registrado.<\/p>\r\n\t\t\t\t<\/div>\r\n\t\t\t\t<div class=\"avp-form__actions\">\r\n\t\t\t\t\t<button type=\"submit\" class=\"avp-btn avp-btn--primary\">Enviar c\u00f3digo<\/button>\r\n\t\t\t\t<\/div>\r\n\t\t\t\t<p class=\"avp-form__feedback\" role=\"status\" aria-live=\"polite\"><\/p>\r\n\t\t\t<\/form>\r\n\r\n\t\t\t<form class=\"avp-form__inner avp-form__step avp-form__step--otp avp-is-hidden\" novalidate data-avp-step=\"otp\" hidden aria-hidden=\"true\">\r\n\t\t\t\t<div class=\"avp-form__row\">\r\n\t\t\t\t\t<label for=\"avp-login-otp\">C\u00f3digo de 6 d\u00edgitos<\/label>\r\n\t\t\t\t\t<input type=\"text\" id=\"avp-login-otp\" name=\"code\" inputmode=\"numeric\" pattern=\"[0-9]{6}\" maxlength=\"6\" required autocomplete=\"one-time-code\" \/>\r\n\t\t\t\t<\/div>\r\n\t\t\t\t<div class=\"avp-form__actions\">\r\n\t\t\t\t\t<button type=\"submit\" class=\"avp-btn avp-btn--primary\">Verificar e ingresar<\/button>\r\n\t\t\t\t\t<button type=\"button\" class=\"avp-btn avp-btn--link\" data-avp-action=\"back\">\u2190 Cambiar identificador<\/button>\r\n\t\t\t\t<\/div>\r\n\t\t\t\t<p class=\"avp-form__feedback\" role=\"status\" aria-live=\"polite\"><\/p>\r\n\t\t\t<\/form>\r\n\t\t<\/div>\r\n\t<\/section>\r\n\r\n\t<section id=\"avp-tab-register\" class=\"avp-tabs__panel avp-is-hidden\" role=\"tabpanel\" aria-labelledby=\"avp-tab-register-trigger\" data-avp-panel=\"register\" hidden aria-hidden=\"true\">\r\n\t\t<div class=\"avp-form avp-form--register\" data-avp-form=\"register\">\r\n\t\t\t<form class=\"avp-form__inner\" novalidate>\r\n\t\t\t\t<div class=\"avp-form__row\">\r\n\t\t\t\t\t<label for=\"avp-reg-full_name\">Nombre completo \/ Raz\u00f3n social <span class=\"avp-required\" aria-hidden=\"true\">*<\/span><\/label>\r\n\t\t\t\t\t<input type=\"text\" id=\"avp-reg-full_name\" name=\"full_name\" required aria-required=\"true\" autocomplete=\"name\" \/>\r\n\t\t\t\t<\/div>\r\n\t\t\t\t<div class=\"avp-form__row\">\r\n\t\t\t\t\t<label for=\"avp-reg-nit\">NIT <span class=\"avp-required\" aria-hidden=\"true\">*<\/span><\/label>\r\n\t\t\t\t\t<input type=\"text\" id=\"avp-reg-nit\" name=\"nit\" required aria-required=\"true\" pattern=\"[A-Za-z0-9]{5,20}\" inputmode=\"numeric\" \/>\r\n\t\t\t\t\t<p class=\"description\">N\u00famero de identificaci\u00f3n (NIT empresarial o c\u00e9dula de persona natural).<\/p>\r\n\t\t\t\t<\/div>\r\n\t\t\t\t<div class=\"avp-form__row\">\r\n\t\t\t\t\t<label for=\"avp-reg-email\">Correo electr\u00f3nico <span class=\"avp-required\" aria-hidden=\"true\">*<\/span><\/label>\r\n\t\t\t\t\t<input type=\"email\" id=\"avp-reg-email\" name=\"email\" required aria-required=\"true\" autocomplete=\"email\" \/>\r\n\t\t\t\t<\/div>\r\n\t\t\t\t<div class=\"avp-form__row avp-form__row--two\">\r\n\t\t\t\t\t<div>\r\n\t\t\t\t\t\t<label for=\"avp-reg-phone\">Tel\u00e9fono <span class=\"avp-required\" aria-hidden=\"true\">*<\/span><\/label>\r\n\t\t\t\t\t\t<input type=\"tel\" id=\"avp-reg-phone\" name=\"phone\" required aria-required=\"true\" autocomplete=\"tel\" \/>\r\n\t\t\t\t\t<\/div>\r\n\t\t\t\t\t<div>\r\n\t\t\t\t\t\t<label for=\"avp-reg-company\">Empresa<\/label>\r\n\t\t\t\t\t\t<input type=\"text\" id=\"avp-reg-company\" name=\"company\" autocomplete=\"organization\" \/>\r\n\t\t\t\t\t<\/div>\r\n\t\t\t\t<\/div>\r\n\t\t\t\t<div class=\"avp-form__row\">\r\n\t\t\t\t\t<label for=\"avp-reg-position\">Cargo<\/label>\r\n\t\t\t\t\t<input type=\"text\" id=\"avp-reg-position\" name=\"position\" autocomplete=\"organization-title\" \/>\r\n\t\t\t\t<\/div>\r\n\r\n\t\t\t\t<div class=\"avp-form__hp\" aria-hidden=\"true\" style=\"position:absolute;left:-9999px;top:auto;width:1px;height:1px;overflow:hidden;\">\r\n\t\t\t\t\t<label>Website<\/label>\r\n\t\t\t\t\t<input type=\"text\" name=\"website\" tabindex=\"-1\" autocomplete=\"off\" \/>\r\n\t\t\t\t<\/div>\r\n\r\n\t\t\t\t<div class=\"avp-form__actions\">\r\n\t\t\t\t\t<button type=\"submit\" class=\"avp-btn avp-btn--primary\">Enviar solicitud<\/button>\r\n\t\t\t\t<\/div>\r\n\t\t\t\t<p class=\"avp-form__feedback\" role=\"status\" aria-live=\"polite\"><\/p>\r\n\t\t\t<\/form>\r\n\t\t<\/div>\r\n\t<\/section>\r\n<\/div>\r\n[\/et_pb_text][\/et_pb_column][\/et_pb_row][\/et_pb_section]<\/p>\n","protected":false},"excerpt":{"rendered":"<p>Reorganizaci\u00f3n Empresarial<div class=\"avp-portal avp-portal--guest\" data-avp-portal>\r\n\t<div class=\"avp-tabs\" role=\"tablist\" aria-label=\"Acceso al portal\">\r\n\t\t<button type=\"button\" class=\"avp-tabs__tab is-active\" role=\"tab\" aria-selected=\"true\" aria-controls=\"avp-tab-login\" id=\"avp-tab-login-trigger\" data-avp-tab=\"login\">\r\n\t\t\tIngresar\t\t<\/button>\r\n\t\t<button type=\"button\" class=\"avp-tabs__tab\" role=\"tab\" aria-selected=\"false\" aria-controls=\"avp-tab-register\" id=\"avp-tab-register-trigger\" tabindex=\"-1\" data-avp-tab=\"register\">\r\n\t\t\tSolicitar acceso\t\t<\/button>\r\n\t<\/div>\r\n\r\n\t<section id=\"avp-tab-login\" class=\"avp-tabs__panel\" role=\"tabpanel\" aria-labelledby=\"avp-tab-login-trigger\" data-avp-panel=\"login\">\r\n\t\t<div class=\"avp-form avp-form--login\" data-avp-form=\"login\">\r\n\t\t\t<form class=\"avp-form__inner avp-form__step avp-form__step--identifier\" novalidate data-avp-step=\"identifier\">\r\n\t\t\t\t<div class=\"avp-form__row\">\r\n\t\t\t\t\t<label for=\"avp-login-identifier\">NIT<\/label>\r\n\t\t\t\t\t<input type=\"text\" id=\"avp-login-identifier\" name=\"identifier\" required pattern=\"[A-Za-z0-9]{5,20}\" autocomplete=\"off\" \/>\r\n\t\t\t\t\t<p class=\"description\">Te enviaremos un c\u00f3digo de 6 d\u00edgitos al correo registrado.<\/p>\r\n\t\t\t\t<\/div>\r\n\t\t\t\t<div class=\"avp-form__actions\">\r\n\t\t\t\t\t<button type=\"submit\" class=\"avp-btn avp-btn--primary\">Enviar c\u00f3digo<\/button>\r\n\t\t\t\t<\/div>\r\n\t\t\t\t<p class=\"avp-form__feedback\" role=\"status\" aria-live=\"polite\"><\/p>\r\n\t\t\t<\/form>\r\n\r\n\t\t\t<form class=\"avp-form__inner avp-form__step avp-form__step--otp avp-is-hidden\" novalidate data-avp-step=\"otp\" hidden aria-hidden=\"true\">\r\n\t\t\t\t<div class=\"avp-form__row\">\r\n\t\t\t\t\t<label for=\"avp-login-otp\">C\u00f3digo de 6 d\u00edgitos<\/label>\r\n\t\t\t\t\t<input type=\"text\" id=\"avp-login-otp\" name=\"code\" inputmode=\"numeric\" pattern=\"[0-9]{6}\" maxlength=\"6\" required autocomplete=\"one-time-code\" \/>\r\n\t\t\t\t<\/div>\r\n\t\t\t\t<div class=\"avp-form__actions\">\r\n\t\t\t\t\t<button type=\"submit\" class=\"avp-btn avp-btn--primary\">Verificar e ingresar<\/button>\r\n\t\t\t\t\t<button type=\"button\" class=\"avp-btn avp-btn--link\" data-avp-action=\"back\">\u2190 Cambiar identificador<\/button>\r\n\t\t\t\t<\/div>\r\n\t\t\t\t<p class=\"avp-form__feedback\" role=\"status\" aria-live=\"polite\"><\/p>\r\n\t\t\t<\/form>\r\n\t\t<\/div>\r\n\t<\/section>\r\n\r\n\t<section id=\"avp-tab-register\" class=\"avp-tabs__panel avp-is-hidden\" role=\"tabpanel\" aria-labelledby=\"avp-tab-register-trigger\" data-avp-panel=\"register\" hidden aria-hidden=\"true\">\r\n\t\t<div class=\"avp-form avp-form--register\" data-avp-form=\"register\">\r\n\t\t\t<form class=\"avp-form__inner\" novalidate>\r\n\t\t\t\t<div class=\"avp-form__row\">\r\n\t\t\t\t\t<label for=\"avp-reg-full_name\">Nombre completo \/ Raz\u00f3n social <span class=\"avp-required\" aria-hidden=\"true\">*<\/span><\/label>\r\n\t\t\t\t\t<input type=\"text\" id=\"avp-reg-full_name\" name=\"full_name\" required aria-required=\"true\" autocomplete=\"name\" \/>\r\n\t\t\t\t<\/div>\r\n\t\t\t\t<div class=\"avp-form__row\">\r\n\t\t\t\t\t<label for=\"avp-reg-nit\">NIT <span class=\"avp-required\" aria-hidden=\"true\">*<\/span><\/label>\r\n\t\t\t\t\t<input type=\"text\" id=\"avp-reg-nit\" name=\"nit\" required aria-required=\"true\" pattern=\"[A-Za-z0-9]{5,20}\" inputmode=\"numeric\" \/>\r\n\t\t\t\t\t<p class=\"description\">N\u00famero de identificaci\u00f3n (NIT empresarial o c\u00e9dula de persona natural).<\/p>\r\n\t\t\t\t<\/div>\r\n\t\t\t\t<div class=\"avp-form__row\">\r\n\t\t\t\t\t<label for=\"avp-reg-email\">Correo electr\u00f3nico <span class=\"avp-required\" aria-hidden=\"true\">*<\/span><\/label>\r\n\t\t\t\t\t<input type=\"email\" id=\"avp-reg-email\" name=\"email\" required aria-required=\"true\" autocomplete=\"email\" \/>\r\n\t\t\t\t<\/div>\r\n\t\t\t\t<div class=\"avp-form__row avp-form__row--two\">\r\n\t\t\t\t\t<div>\r\n\t\t\t\t\t\t<label for=\"avp-reg-phone\">Tel\u00e9fono <span class=\"avp-required\" aria-hidden=\"true\">*<\/span><\/label>\r\n\t\t\t\t\t\t<input type=\"tel\" id=\"avp-reg-phone\" name=\"phone\" required aria-required=\"true\" autocomplete=\"tel\" \/>\r\n\t\t\t\t\t<\/div>\r\n\t\t\t\t\t<div>\r\n\t\t\t\t\t\t<label for=\"avp-reg-company\">Empresa<\/label>\r\n\t\t\t\t\t\t<input type=\"text\" id=\"avp-reg-company\" name=\"company\" autocomplete=\"organization\" \/>\r\n\t\t\t\t\t<\/div>\r\n\t\t\t\t<\/div>\r\n\t\t\t\t<div class=\"avp-form__row\">\r\n\t\t\t\t\t<label for=\"avp-reg-position\">Cargo<\/label>\r\n\t\t\t\t\t<input type=\"text\" id=\"avp-reg-position\" name=\"position\" autocomplete=\"organization-title\" \/>\r\n\t\t\t\t<\/div>\r\n\r\n\t\t\t\t<div class=\"avp-form__hp\" aria-hidden=\"true\" style=\"position:absolute;left:-9999px;top:auto;width:1px;height:1px;overflow:hidden;\">\r\n\t\t\t\t\t<label>Website<\/label>\r\n\t\t\t\t\t<input type=\"text\" name=\"website\" tabindex=\"-1\" autocomplete=\"off\" \/>\r\n\t\t\t\t<\/div>\r\n\r\n\t\t\t\t<div class=\"avp-form__actions\">\r\n\t\t\t\t\t<button type=\"submit\" class=\"avp-btn avp-btn--primary\">Enviar solicitud<\/button>\r\n\t\t\t\t<\/div>\r\n\t\t\t\t<p class=\"avp-form__feedback\" role=\"status\" aria-live=\"polite\"><\/p>\r\n\t\t\t<\/form>\r\n\t\t<\/div>\r\n\t<\/section>\r\n<\/div>\r\n<\/p>\n","protected":false},"author":3,"featured_media":0,"parent":0,"menu_order":0,"comment_status":"closed","ping_status":"closed","template":"","meta":{"_et_pb_use_builder":"on","_et_pb_old_content":"","_et_gb_content_width":"","_joinchat":[],"footnotes":""},"class_list":["post-499","page","type-page","status-publish","hentry"],"yoast_head":"<!-- This site is optimized with the Yoast SEO plugin v27.6 - https:\/\/yoast.com\/product\/yoast-seo-wordpress\/ -->\n<title>Reorganizaci\u00f3n Empresarial - AV Plastics Trade SAS<\/title>\n<meta name=\"robots\" content=\"index, follow, max-snippet:-1, max-image-preview:large, max-video-preview:-1\" \/>\n<link rel=\"canonical\" href=\"https:\/\/www.avplastics.com.co\/en\/reorganizacion-empresarial\/\" \/>\n<meta property=\"og:locale\" content=\"en_US\" \/>\n<meta property=\"og:type\" content=\"article\" \/>\n<meta property=\"og:title\" content=\"Reorganizaci\u00f3n Empresarial - AV Plastics Trade SAS\" \/>\n<meta property=\"og:description\" content=\"DESEAMOS CONVERSAR CONTIGO Queremos saber m\u00e1s sobre tus proyectos y c\u00f3mo podemos brindarte el mejor asesoramiento siendo tu mejor Aliado Estrat\u00e9gico.\" \/>\n<meta property=\"og:url\" content=\"https:\/\/www.avplastics.com.co\/en\/reorganizacion-empresarial\/\" \/>\n<meta property=\"og:site_name\" content=\"AV Plastics Trade SAS\" \/>\n<meta property=\"article:modified_time\" content=\"2026-05-05T00:20:49+00:00\" \/>\n<meta name=\"twitter:card\" content=\"summary_large_image\" \/>\n<script type=\"application\/ld+json\" class=\"yoast-schema-graph\">{\"@context\":\"https:\\\/\\\/schema.org\",\"@graph\":[{\"@type\":\"WebPage\",\"@id\":\"https:\\\/\\\/www.avplastics.com.co\\\/reorganizacion-empresarial\\\/\",\"url\":\"https:\\\/\\\/www.avplastics.com.co\\\/reorganizacion-empresarial\\\/\",\"name\":\"Reorganizaci\u00f3n Empresarial - AV Plastics Trade SAS\",\"isPartOf\":{\"@id\":\"https:\\\/\\\/www.avplastics.com.co\\\/#website\"},\"datePublished\":\"2026-04-30T19:08:45+00:00\",\"dateModified\":\"2026-05-05T00:20:49+00:00\",\"breadcrumb\":{\"@id\":\"https:\\\/\\\/www.avplastics.com.co\\\/reorganizacion-empresarial\\\/#breadcrumb\"},\"inLanguage\":\"en-US\",\"potentialAction\":[{\"@type\":\"ReadAction\",\"target\":[\"https:\\\/\\\/www.avplastics.com.co\\\/reorganizacion-empresarial\\\/\"]}]},{\"@type\":\"BreadcrumbList\",\"@id\":\"https:\\\/\\\/www.avplastics.com.co\\\/reorganizacion-empresarial\\\/#breadcrumb\",\"itemListElement\":[{\"@type\":\"ListItem\",\"position\":1,\"name\":\"Portada\",\"item\":\"https:\\\/\\\/www.avplastics.com.co\\\/\"},{\"@type\":\"ListItem\",\"position\":2,\"name\":\"Reorganizaci\u00f3n Empresarial\"}]},{\"@type\":\"WebSite\",\"@id\":\"https:\\\/\\\/www.avplastics.com.co\\\/#website\",\"url\":\"https:\\\/\\\/www.avplastics.com.co\\\/\",\"name\":\"AV Plastics Trade SAS\",\"description\":\"M&aacute;s que un proveedor, un aliado...\",\"potentialAction\":[{\"@type\":\"SearchAction\",\"target\":{\"@type\":\"EntryPoint\",\"urlTemplate\":\"https:\\\/\\\/www.avplastics.com.co\\\/?s={search_term_string}\"},\"query-input\":{\"@type\":\"PropertyValueSpecification\",\"valueRequired\":true,\"valueName\":\"search_term_string\"}}],\"inLanguage\":\"en-US\"}]}<\/script>\n<!-- \/ Yoast SEO plugin. -->","yoast_head_json":{"title":"Reorganizaci\u00f3n Empresarial - AV Plastics Trade SAS","robots":{"index":"index","follow":"follow","max-snippet":"max-snippet:-1","max-image-preview":"max-image-preview:large","max-video-preview":"max-video-preview:-1"},"canonical":"https:\/\/www.avplastics.com.co\/en\/reorganizacion-empresarial\/","og_locale":"en_US","og_type":"article","og_title":"Reorganizaci\u00f3n Empresarial - AV Plastics Trade SAS","og_description":"DESEAMOS CONVERSAR CONTIGO Queremos saber m\u00e1s sobre tus proyectos y c\u00f3mo podemos brindarte el mejor asesoramiento siendo tu mejor Aliado Estrat\u00e9gico.","og_url":"https:\/\/www.avplastics.com.co\/en\/reorganizacion-empresarial\/","og_site_name":"AV Plastics Trade SAS","article_modified_time":"2026-05-05T00:20:49+00:00","twitter_card":"summary_large_image","schema":{"@context":"https:\/\/schema.org","@graph":[{"@type":"WebPage","@id":"https:\/\/www.avplastics.com.co\/reorganizacion-empresarial\/","url":"https:\/\/www.avplastics.com.co\/reorganizacion-empresarial\/","name":"Reorganizaci\u00f3n Empresarial - AV Plastics Trade SAS","isPartOf":{"@id":"https:\/\/www.avplastics.com.co\/#website"},"datePublished":"2026-04-30T19:08:45+00:00","dateModified":"2026-05-05T00:20:49+00:00","breadcrumb":{"@id":"https:\/\/www.avplastics.com.co\/reorganizacion-empresarial\/#breadcrumb"},"inLanguage":"en-US","potentialAction":[{"@type":"ReadAction","target":["https:\/\/www.avplastics.com.co\/reorganizacion-empresarial\/"]}]},{"@type":"BreadcrumbList","@id":"https:\/\/www.avplastics.com.co\/reorganizacion-empresarial\/#breadcrumb","itemListElement":[{"@type":"ListItem","position":1,"name":"Portada","item":"https:\/\/www.avplastics.com.co\/"},{"@type":"ListItem","position":2,"name":"Reorganizaci\u00f3n Empresarial"}]},{"@type":"WebSite","@id":"https:\/\/www.avplastics.com.co\/#website","url":"https:\/\/www.avplastics.com.co\/","name":"AV Plastics Trade SAS","description":"M&aacute;s que un proveedor, un aliado...","potentialAction":[{"@type":"SearchAction","target":{"@type":"EntryPoint","urlTemplate":"https:\/\/www.avplastics.com.co\/?s={search_term_string}"},"query-input":{"@type":"PropertyValueSpecification","valueRequired":true,"valueName":"search_term_string"}}],"inLanguage":"en-US"}]}},"_links":{"self":[{"href":"https:\/\/www.avplastics.com.co\/en\/wp-json\/wp\/v2\/pages\/499","targetHints":{"allow":["GET"]}}],"collection":[{"href":"https:\/\/www.avplastics.com.co\/en\/wp-json\/wp\/v2\/pages"}],"about":[{"href":"https:\/\/www.avplastics.com.co\/en\/wp-json\/wp\/v2\/types\/page"}],"author":[{"embeddable":true,"href":"https:\/\/www.avplastics.com.co\/en\/wp-json\/wp\/v2\/users\/3"}],"replies":[{"embeddable":true,"href":"https:\/\/www.avplastics.com.co\/en\/wp-json\/wp\/v2\/comments?post=499"}],"version-history":[{"count":2,"href":"https:\/\/www.avplastics.com.co\/en\/wp-json\/wp\/v2\/pages\/499\/revisions"}],"predecessor-version":[{"id":502,"href":"https:\/\/www.avplastics.com.co\/en\/wp-json\/wp\/v2\/pages\/499\/revisions\/502"}],"wp:attachment":[{"href":"https:\/\/www.avplastics.com.co\/en\/wp-json\/wp\/v2\/media?parent=499"}],"curies":[{"name":"wp","href":"https:\/\/api.w.org\/{rel}","templated":true}]}}